{"id":721,"date":"2026-03-01T22:50:13","date_gmt":"2026-03-01T13:50:13","guid":{"rendered":"https:\/\/crewir.com\/?page_id=721"},"modified":"2026-03-02T00:38:53","modified_gmt":"2026-03-01T15:38:53","slug":"repertoires","status":"publish","type":"page","link":"https:\/\/crewir.com\/en\/repertoires\/","title":{"rendered":"Repertoires"},"content":{"rendered":"\n<p><\/p>\n\n\n\n<p class=\"has-text-color has-link-color has-medium-font-size wp-elements-2ffb10ef18622c1af52219be5a01a15a\" style=\"color:#dc7f29\">Wolfgang Amadeus Mozart (1756\u20131791)<\/p>\n\n\n\n<p>\u2022Sonata for piano four hands, KV381<br>\u2022Andante and 5 Variations in G Major, KV501<br>\u2022Fuge for 2 pianos, KV426<br>\u2022Sonata for 2 pianos, KV448<br>\u2022Concerto for 2 pianos, KV365<br><br><br><br><br><\/p>\n\n\n\n<p><\/p>\n\n\n\n<p class=\"has-text-color has-link-color has-medium-font-size wp-elements-26611a2b0cdd0c8016ec4a1672aab565\" style=\"color:#dc7f29\">Johann Nepomuk Hummel (1778\u20131837)<\/p>\n\n\n\n<p>\u2022Grand Sonata for piano four hands, Op.92<br><br><br><br><br><\/p>\n\n\n\n<p><\/p>\n\n\n\n<p class=\"has-text-color has-link-color has-medium-font-size wp-elements-f0272a523723d9f8b1056cc59ed8631e\" style=\"color:#dc7f29\">Carl Maria von Weber (1786\u20131826)<\/p>\n\n\n\n<p>\u20228 Pieces for piano four hands, Op.60<br><br><br><br><br><\/p>\n\n\n\n<p><\/p>\n\n\n\n<p class=\"has-text-color has-link-color has-medium-font-size wp-elements-cc56baf4bd6e095d607c80d127021683\" style=\"color:#dc7f29\">Franz Schubert (1797\u20131828)<\/p>\n\n\n\n<p>\u2022Sonata in B-Flat Major, D617<br>\u2022Sonata in C Major \u201cGrand Duo\u201d, D812<br>\u20228 Variations on an Original Theme in A-Flat Major, D813<br>\u20222 Marches caract\u00e9ristiques, D968<br>\u2022Allegro in A Minor \u201cLebensst\u00fcrme\u201d, D947<br>\u20228 Variations on a Theme from Herold\u2019s \u201cMarie\u201d, D908<br>\u20226 Polonaises, D824<br><br><br><br><br><\/p>\n\n\n\n<p><\/p>\n\n\n\n<p class=\"has-text-color has-link-color has-medium-font-size wp-elements-1eea37c9d10e3036129e11e99b0813a1\" style=\"color:#dc7f29\">Felix Mendelssohn (1809\u20131847)<\/p>\n\n\n\n<p>\u2022Concerto for 2 pianos in E Major<br><br><br><br><br><\/p>\n\n\n\n<p><\/p>\n\n\n\n<p class=\"has-text-color has-link-color has-medium-font-size wp-elements-e6e8411a257a42e754eede91ac81a451\" style=\"color:#dc7f29\">Franz Liszt (1811\u20131886)<\/p>\n\n\n\n<p>\u2022R\u00e9miniscences de Don Juan for 2 pianos<br><br><br><br><br><\/p>\n\n\n\n<p><\/p>\n\n\n\n<p class=\"has-text-color has-link-color has-medium-font-size wp-elements-fb652cd5765721a8c051a2dff0958d0e\" style=\"color:#dc7f29\">Johannes Brahms (1833\u20131897)<\/p>\n\n\n\n<p>\u202216 Waltzes, Op.39<br><br><br><br><br><\/p>\n\n\n\n<p><\/p>\n\n\n\n<p class=\"has-text-color has-link-color has-medium-font-size wp-elements-19988f3a2e6a2ee5ca37bf1f7a61a572\" style=\"color:#dc7f29\">Anton\u00edn Dvo\u0159\u00e1k (1841\u20131904)<\/p>\n\n\n\n<p>\u2022From Slavonic Dances, Op.46-1,2,5 \/ Op.72-6<br>\u2022From the Bohemian Forest, Op.68<br><br><br><br><br><\/p>\n\n\n\n<p><\/p>\n\n\n\n<p class=\"has-text-color has-link-color has-medium-font-size wp-elements-6fa510c96e0cc3b555832ea659926e68\" style=\"color:#dc7f29\">Camille Saint-Sa\u00ebns (1835\u20131921)<\/p>\n\n\n\n<p>\u2022Variations on a Theme of Beethoven, Op.35<br><br><br><br><br><\/p>\n\n\n\n<p><\/p>\n\n\n\n<p class=\"has-text-color has-link-color has-medium-font-size wp-elements-2882275e6f12a0107b44173d1c75cf37\" style=\"color:#dc7f29\">Max Reger (1873\u20131916)<\/p>\n\n\n\n<p>\u20226 Burlesques, Op.58<br>\u2022Variations and Fugue on a Theme of Mozart, Op.132a<br><br><br><br><br><\/p>\n\n\n\n<p><\/p>\n\n\n\n<p class=\"has-text-color has-link-color has-medium-font-size wp-elements-f034e62faaa44d83dadad2c10fed16d6\" style=\"color:#dc7f29\">Maurice Ravel (1875\u20131937)<\/p>\n\n\n\n<p>\u2022Ma m\u00e8re l\u2019oye<br>\u2022La Valse<br>\u2022Rhapsodie espagnole<br><br><br><br><br><\/p>\n\n\n\n<p><\/p>\n\n\n\n<p class=\"has-text-color has-link-color has-medium-font-size wp-elements-bb1ae92dfebea5d850032f04a9627cf6\" style=\"color:#dc7f29\">Igor Stravinsky (1882\u20131971)<\/p>\n\n\n\n<p>\u2022Le Sacre du Printemps<br>\u20223 Movements from Petrushka (arr. Victor Babin)<br><br><br><br><br><\/p>\n\n\n\n<p><\/p>\n\n\n\n<p class=\"has-text-color has-link-color has-medium-font-size wp-elements-cd4c916393f8adce7c825cc061b08d9d\" style=\"color:#dc7f29\">B\u00e9la Bart\u00f3k (1881\u20131945)<\/p>\n\n\n\n<p>\u2022Sonata for 2 pianos and percussion, Sz.110<br>\u20227 Pieces from Mikrokosmos, Sz.108<br><br><br><br><br><\/p>\n\n\n\n<p><\/p>\n\n\n\n<p class=\"has-text-color has-link-color has-medium-font-size wp-elements-9cce149af2d1b81ef6066cecc7f638f2\" style=\"color:#dc7f29\">Witold Lutos\u0142awski (1913\u20131994)<\/p>\n\n\n\n<p>\u2022Paganini Variations for 2 pianos<br><br><br><br><br><\/p>\n\n\n\n<p><\/p>\n\n\n\n<p class=\"has-text-color has-link-color has-medium-font-size wp-elements-b120853edf6462f0f56f623c44174b22\" style=\"color:#dc7f29\">Francis Poulenc (1899\u20131963)<\/p>\n\n\n\n<p>\u2022Concerto for 2 pianos, FP61<br><br><br><br><br><\/p>\n\n\n\n<p><\/p>\n\n\n\n<p class=\"has-text-color has-link-color has-medium-font-size wp-elements-52a6fec5f3d51161b43e4b2a6fd60124\" style=\"color:#dc7f29\">Pierre Boulez (1925\u20132016)<\/p>\n\n\n\n<p>\u2022Structures I for 2 pianos<br><br><br><br><br><\/p>\n\n\n\n<p><\/p>\n\n\n\n<p class=\"has-text-color has-link-color has-medium-font-size wp-elements-a018037b6ce5d82f8d0c045e12c1d2eb\" style=\"color:#dc7f29\">Akira Miyoshi (1933\u20132013)<\/p>\n\n\n\n<p>\u2022Ph\u00e9nom\u00e8ne Sonore I for 2 pianos<br>\u20224 Seasons of Songs for 2 pianos<br><br><br><br><br><\/p>\n\n\n\n<p><\/p>\n\n\n\n<p class=\"has-text-color has-link-color has-medium-font-size wp-elements-56a8381b735ba7a9d0b7112c4e5bd463\" style=\"color:#dc7f29\">Marco Sollini (*1964)<\/p>\n\n\n\n<p>\u2022Baby\u2019s Corner, Op.36<br><br><br><br><br><\/p>\n\n\n\n<p><\/p>\n\n\n\n<p class=\"has-text-color has-link-color has-medium-font-size wp-elements-12df838d6f329c838ec6884291851047\" style=\"color:#dc7f29\">W\u0142adys\u0142awa Markiewicz\u00f3wna (1900-1982)<\/p>\n\n\n\n<p>\u2022Suite for 2 pianos<br><br><br><br><br><\/p>\n\n\n\n<p><\/p>\n\n\n\n<p class=\"has-text-color has-link-color has-medium-font-size wp-elements-4f50bc617c1b5009febbd5a83e31a68e\" style=\"color:#dc7f29\">Andr\u00e9 Jolivet (1905\u20131974)<\/p>\n\n\n\n<p>\u2022Hopi Snake Dance for 2 pianos<br><br><\/p>\n\n\n\n<p><\/p>\n","protected":false},"excerpt":{"rendered":"<p>Wolfgang Amadeus Mozart (1756\u20131791) \u2022Sonata for piano four hands, KV381\u2022Andante and 5 Variations in G Major, KV501\u2022Fuge for 2 pianos, KV426\u2022Sonata for 2 pianos, KV448\u2022Concerto for 2 pianos, KV365 Johann Nepomuk Hummel (1778\u20131837) \u2022Grand Sonata for piano four hands, Op.92 Carl Maria von Weber (1786\u20131826) \u20228 Pieces for piano four hands, Op.60 Franz Schubert (1797\u20131828) [&hellip;]<\/p>\n","protected":false},"author":1,"featured_media":0,"parent":0,"menu_order":0,"comment_status":"closed","ping_status":"closed","template":"","meta":{"_locale":"en_US","_original_post":"https:\/\/crewir.com\/?page_id=719","vkexunit_cta_each_option":"","footnotes":""},"class_list":["post-721","page","type-page","status-publish","hentry","en-US"],"_links":{"self":[{"href":"https:\/\/crewir.com\/wp-json\/wp\/v2\/pages\/721","targetHints":{"allow":["GET"]}}],"collection":[{"href":"https:\/\/crewir.com\/wp-json\/wp\/v2\/pages"}],"about":[{"href":"https:\/\/crewir.com\/wp-json\/wp\/v2\/types\/page"}],"author":[{"embeddable":true,"href":"https:\/\/crewir.com\/wp-json\/wp\/v2\/users\/1"}],"replies":[{"embeddable":true,"href":"https:\/\/crewir.com\/wp-json\/wp\/v2\/comments?post=721"}],"version-history":[{"count":5,"href":"https:\/\/crewir.com\/wp-json\/wp\/v2\/pages\/721\/revisions"}],"predecessor-version":[{"id":750,"href":"https:\/\/crewir.com\/wp-json\/wp\/v2\/pages\/721\/revisions\/750"}],"wp:attachment":[{"href":"https:\/\/crewir.com\/wp-json\/wp\/v2\/media?parent=721"}],"curies":[{"name":"wp","href":"https:\/\/api.w.org\/{rel}","templated":true}]}}